{"id":1986,"date":"2025-06-03T20:52:47","date_gmt":"2025-06-03T18:52:47","guid":{"rendered":"https:\/\/auktionszentrum.de\/?page_id=1986"},"modified":"2025-09-15T11:15:22","modified_gmt":"2025-09-15T09:15:22","slug":"karriere","status":"publish","type":"page","link":"https:\/\/auktionszentrum.de\/en\/karriere\/","title":{"rendered":"Career"},"content":{"rendered":"<div data-elementor-type=\"wp-page\" data-elementor-id=\"1986\" class=\"elementor elementor-1986\" data-elementor-post-type=\"page\">\n\t\t\t\t<div class=\"elementor-element elementor-element-28336f2 e-flex e-con-boxed e-con e-parent\" data-id=\"28336f2\" data-element_type=\"container\" data-e-type=\"container\">\n\t\t\t\t\t<div class=\"e-con-inner\">\n\t\t\t\t<div class=\"elementor-element elementor-element-b924ffd elementor-invisible elementor-widget elementor-widget-heading\" data-id=\"b924ffd\" data-element_type=\"widget\" data-e-type=\"widget\" data-settings=\"{&quot;_animation&quot;:&quot;fadeIn&quot;}\" data-widget_type=\"heading.default\">\n\t\t\t\t<div class=\"elementor-widget-container\">\n\t\t\t\t\t<h1 class=\"elementor-heading-title elementor-size-default\">career<\/h1>\t\t\t\t<\/div>\n\t\t\t\t<\/div>\n\t\t\t\t\t<\/div>\n\t\t\t\t<\/div>\n\t\t<div class=\"elementor-element elementor-element-e6551b8 e-flex e-con-boxed e-con e-parent\" data-id=\"e6551b8\" data-element_type=\"container\" data-e-type=\"container\">\n\t\t\t\t\t<div class=\"e-con-inner\">\n\t\t\t\t<div class=\"elementor-element elementor-element-cbd4d47 elementor-widget elementor-widget-n-accordion\" data-id=\"cbd4d47\" data-element_type=\"widget\" data-e-type=\"widget\" data-settings=\"{&quot;default_state&quot;:&quot;all_collapsed&quot;,&quot;max_items_expended&quot;:&quot;one&quot;,&quot;n_accordion_animation_duration&quot;:{&quot;unit&quot;:&quot;ms&quot;,&quot;size&quot;:400,&quot;sizes&quot;:[]}}\" data-widget_type=\"nested-accordion.default\">\n\t\t\t\t<div class=\"elementor-widget-container\">\n\t\t\t\t\t\t\t<div class=\"e-n-accordion\" aria-label=\"Accordion. Open links with Enter or Space, close with Escape, and navigate with Arrow Keys\">\n\t\t\t\t\t\t<details id=\"e-n-accordion-item-2130\" class=\"e-n-accordion-item\" >\n\t\t\t\t<summary class=\"e-n-accordion-item-title\" data-accordion-index=\"1\" tabindex=\"0\" aria-expanded=\"false\" aria-controls=\"e-n-accordion-item-2130\" >\n\t\t\t\t\t<span class='e-n-accordion-item-title-header'><div class=\"e-n-accordion-item-title-text\"> Apprenticeship as a merchant in e-commerce (m\/f\/d) <\/div><\/span>\n\t\t\t\t\t\t\t<span class='e-n-accordion-item-title-icon'>\n\t\t\t<span class='e-opened' ><svg aria-hidden=\"true\" class=\"e-font-icon-svg e-fas-minus\" viewbox=\"0 0 448 512\" xmlns=\"http:\/\/www.w3.org\/2000\/svg\"><path d=\"M416 208H32c-17.67 0-32 14.33-32 32v32c0 17.67 14.33 32 32 32h384c17.67 0 32-14.33 32-32v-32c0-17.67-14.33-32-32-32z\"><\/path><\/svg><\/span>\n\t\t\t<span class='e-closed'><svg aria-hidden=\"true\" class=\"e-font-icon-svg e-fas-plus\" viewbox=\"0 0 448 512\" xmlns=\"http:\/\/www.w3.org\/2000\/svg\"><path d=\"M416 208H272V64c0-17.67-14.33-32-32-32h-32c-17.67 0-32 14.33-32 32v144H32c-17.67 0-32 14.33-32 32v32c0 17.67 14.33 32 32 32h144v144c0 17.67 14.33 32 32 32h32c17.67 0 32-14.33 32-32V304h144c17.67 0 32-14.33 32-32v-32c0-17.67-14.33-32-32-32z\"><\/path><\/svg><\/span>\n\t\t<\/span>\n\n\t\t\t\t\t\t<\/summary>\n\t\t\t\t<div role=\"region\" aria-labelledby=\"e-n-accordion-item-2130\" class=\"elementor-element elementor-element-3d5ed24 e-con-full e-flex e-con e-child\" data-id=\"3d5ed24\" data-element_type=\"container\" data-e-type=\"container\">\n\t\t\t\t<div class=\"elementor-element elementor-element-a416fec elementor-widget elementor-widget-text-editor\" data-id=\"a416fec\" data-element_type=\"widget\" data-e-type=\"widget\" data-widget_type=\"text-editor.default\">\n\t\t\t\t<div class=\"elementor-widget-container\">\n\t\t\t\t\t\t\t\t\t<div class=\"css-u74ql7 eu4oa1w0\"><div class=\"jd-appended-job-description\"><div class=\"jd-section-employer\"><div class=\"jd-description-text\"><p><b>In our company you can expect:<\/b><\/p><ul><li>Enjoyment at work and self-efficacy<\/li><li>Enthusiasm for innovations and improvements<\/li><li>Teamwork and loyalty in all areas<\/li><li>Learning and growing together<\/li><li>Professional and digital equipment and processes<\/li><li>Varied assortments and orders<\/li><li>Personal responsibility and fairness<\/li><li>Flexibility and satisfaction<\/li><li>Direct communication and feedback<\/li><li>Online trading on various platforms<\/li><li>Professional photo equipment and image processing<\/li><li>Intelligent software and warehouse management<\/li><li>AI Integration<\/li><\/ul><p>\u00a0<\/p><p>In short, we are interested in creating ideal working conditions in all areas with foresight and care.<\/p><p><b>We look forward to receiving your application by email.<\/b><\/p><\/div><\/div><div class=\"jd-section-job-addendum\"><p class=\"jd-description-text\">Expected start date: September 1, 2025<\/p><\/div><\/div><\/div>\t\t\t\t\t\t\t\t<\/div>\n\t\t\t\t<\/div>\n\t\t\t\t<\/div>\n\t\t\t\t\t<\/details>\n\t\t\t\t\t\t<details id=\"e-n-accordion-item-2131\" class=\"e-n-accordion-item\" >\n\t\t\t\t<summary class=\"e-n-accordion-item-title\" data-accordion-index=\"2\" tabindex=\"-1\" aria-expanded=\"false\" aria-controls=\"e-n-accordion-item-2131\" >\n\t\t\t\t\t<span class='e-n-accordion-item-title-header'><div class=\"e-n-accordion-item-title-text\"> Training as a merchant in e-commerce including certified specialist\/commercial specialist (m\/f\/d) <\/div><\/span>\n\t\t\t\t\t\t\t<span class='e-n-accordion-item-title-icon'>\n\t\t\t<span class='e-opened' ><svg aria-hidden=\"true\" class=\"e-font-icon-svg e-fas-minus\" viewbox=\"0 0 448 512\" xmlns=\"http:\/\/www.w3.org\/2000\/svg\"><path d=\"M416 208H32c-17.67 0-32 14.33-32 32v32c0 17.67 14.33 32 32 32h384c17.67 0 32-14.33 32-32v-32c0-17.67-14.33-32-32-32z\"><\/path><\/svg><\/span>\n\t\t\t<span class='e-closed'><svg aria-hidden=\"true\" class=\"e-font-icon-svg e-fas-plus\" viewbox=\"0 0 448 512\" xmlns=\"http:\/\/www.w3.org\/2000\/svg\"><path d=\"M416 208H272V64c0-17.67-14.33-32-32-32h-32c-17.67 0-32 14.33-32 32v144H32c-17.67 0-32 14.33-32 32v32c0 17.67 14.33 32 32 32h144v144c0 17.67 14.33 32 32 32h32c17.67 0 32-14.33 32-32V304h144c17.67 0 32-14.33 32-32v-32c0-17.67-14.33-32-32-32z\"><\/path><\/svg><\/span>\n\t\t<\/span>\n\n\t\t\t\t\t\t<\/summary>\n\t\t\t\t<div role=\"region\" aria-labelledby=\"e-n-accordion-item-2131\" class=\"elementor-element elementor-element-ad59599 e-con-full e-flex e-con e-child\" data-id=\"ad59599\" data-element_type=\"container\" data-e-type=\"container\">\n\t\t\t\t<div class=\"elementor-element elementor-element-f02d34a elementor-widget elementor-widget-text-editor\" data-id=\"f02d34a\" data-element_type=\"widget\" data-e-type=\"widget\" data-widget_type=\"text-editor.default\">\n\t\t\t\t<div class=\"elementor-widget-container\">\n\t\t\t\t\t\t\t\t\t<div class=\"css-u74ql7 eu4oa1w0\"><div class=\"jd-appended-job-description\"><div class=\"jd-section-employer\"><div class=\"jd-description-text\"><p><strong><span class=\"css-bctmig e1wnkr790\" role=\"document\">The Abitur program at Kompass Dresden combines a shortened apprenticeship and advanced training at bachelor&#039;s level in 36 months \u2013 three degrees in three years!<\/span><\/strong><\/p><p><b>In our company you can expect:<\/b><\/p><ul><li>Enjoyment at work and self-efficacy<\/li><li>Enthusiasm for innovations and improvements<\/li><li>Teamwork and loyalty in all areas<\/li><li>Learning and growing together<\/li><li>Professional and digital equipment and processes<\/li><li>Varied assortments and orders<\/li><li>Personal responsibility and fairness<\/li><li>Flexibility and satisfaction<\/li><li>Direct communication and feedback<\/li><li>Online trading on various platforms<\/li><li>Professional photo equipment and image processing<\/li><li>Intelligent software and warehouse management<\/li><li>AI Integration<\/li><\/ul><p>\u00a0<\/p><p>In short, we are interested in creating ideal working conditions in all areas with foresight and care.<\/p><p><b>We look forward to receiving your application by email.<\/b><\/p><\/div><\/div><div class=\"jd-section-job-addendum\"><p class=\"jd-description-text\">Expected start date: September 1, 2025<\/p><\/div><\/div><\/div>\t\t\t\t\t\t\t\t<\/div>\n\t\t\t\t<\/div>\n\t\t\t\t<\/div>\n\t\t\t\t\t<\/details>\n\t\t\t\t\t<\/div>\n\t\t\t\t\t\t<\/div>\n\t\t\t\t<\/div>\n\t\t\t\t\t<\/div>\n\t\t\t\t<\/div>\n\t\t\t\t<\/div>","protected":false},"excerpt":{"rendered":"<p>Karriere Ausbildung Kaufmann\/-frau im E-Commerce (m\/w\/d) In unserer Unternehmung erwartet Sie: Freude an der Arbeit und Selbstwirksamkeit Begeisterung f\u00fcr Neuerungen und Verbesserungen Teamf\u00e4higkeit und Loyalit\u00e4t in allen Bereichen Gemeinsames Lernen und Wachsen Professionelle und digitale Ausstattung sowie Abl\u00e4ufe Abwechslungsreiche Sortimente und Auftr\u00e4ge Eigenverantwortlichkeit und Fairness Flexibilit\u00e4t und Zufriedenheit Direkte Kommunikation und Feedback Onlinehandel auf verschiedenen [&hellip;]<\/p>\n","protected":false},"author":2,"featured_media":0,"parent":0,"menu_order":0,"comment_status":"closed","ping_status":"closed","template":"","meta":{"_acf_changed":false,"footnotes":""},"class_list":["post-1986","page","type-page","status-publish","hentry"],"acf":[],"_links":{"self":[{"href":"https:\/\/auktionszentrum.de\/en\/wp-json\/wp\/v2\/pages\/1986","targetHints":{"allow":["GET"]}}],"collection":[{"href":"https:\/\/auktionszentrum.de\/en\/wp-json\/wp\/v2\/pages"}],"about":[{"href":"https:\/\/auktionszentrum.de\/en\/wp-json\/wp\/v2\/types\/page"}],"author":[{"embeddable":true,"href":"https:\/\/auktionszentrum.de\/en\/wp-json\/wp\/v2\/users\/2"}],"replies":[{"embeddable":true,"href":"https:\/\/auktionszentrum.de\/en\/wp-json\/wp\/v2\/comments?post=1986"}],"version-history":[{"count":10,"href":"https:\/\/auktionszentrum.de\/en\/wp-json\/wp\/v2\/pages\/1986\/revisions"}],"predecessor-version":[{"id":2205,"href":"https:\/\/auktionszentrum.de\/en\/wp-json\/wp\/v2\/pages\/1986\/revisions\/2205"}],"wp:attachment":[{"href":"https:\/\/auktionszentrum.de\/en\/wp-json\/wp\/v2\/media?parent=1986"}],"curies":[{"name":"wp","href":"https:\/\/api.w.org\/{rel}","templated":true}]}}